{"id":4564,"date":"2021-03-17T07:08:36","date_gmt":"2021-03-17T07:08:36","guid":{"rendered":"https:\/\/betifulworld.com\/kontakt\/"},"modified":"2025-06-24T20:27:34","modified_gmt":"2025-06-24T11:27:34","slug":"kontakt","status":"publish","type":"page","link":"https:\/\/betifulworld.com\/pl\/kontakt\/","title":{"rendered":"Kontakt"},"content":{"rendered":"\t\t<div data-elementor-type=\"wp-page\" data-elementor-id=\"4564\" class=\"elementor elementor-4564 elementor-890\">\n\t\t\t\t\t\t<section class=\"elementor-section elementor-top-section elementor-element elementor-element-3fea677 elementor-section-boxed elementor-section-height-default elementor-section-height-default\" data-id=\"3fea677\" data-element_type=\"section\" data-e-type=\"section\">\n\t\t\t\t\t\t<div class=\"elementor-container elementor-column-gap-default\">\n\t\t\t\t\t<div class=\"elementor-column elementor-col-100 elementor-top-column elementor-element elementor-element-4591bc4\" data-id=\"4591bc4\" data-element_type=\"column\" data-e-type=\"column\">\n\t\t\t<div class=\"elementor-widget-wrap elementor-element-populated\">\n\t\t\t\t\t\t<div class=\"elementor-element elementor-element-5a509a4 elementor-widget elementor-widget-heading\" data-id=\"5a509a4\" data-element_type=\"widget\" data-e-type=\"widget\" data-widget_type=\"heading.default\">\n\t\t\t\t<div class=\"elementor-widget-container\">\n\t\t\t\t\t<h1 class=\"elementor-heading-title elementor-size-default\"><b>Cze\u015b\u0107!<\/b><\/h1>\t\t\t\t<\/div>\n\t\t\t\t<\/div>\n\t\t\t\t\t<\/div>\n\t\t<\/div>\n\t\t\t\t\t<\/div>\n\t\t<\/section>\n\t\t\t\t<section class=\"elementor-section elementor-top-section elementor-element elementor-element-fa4ac77 elementor-section-boxed elementor-section-height-default elementor-section-height-default\" data-id=\"fa4ac77\" data-element_type=\"section\" data-e-type=\"section\">\n\t\t\t\t\t\t<div class=\"elementor-container elementor-column-gap-default\">\n\t\t\t\t\t<div class=\"elementor-column elementor-col-100 elementor-top-column elementor-element elementor-element-fc1b684\" data-id=\"fc1b684\" data-element_type=\"column\" data-e-type=\"column\">\n\t\t\t<div class=\"elementor-widget-wrap elementor-element-populated\">\n\t\t\t\t\t\t<div class=\"elementor-element elementor-element-8d90651 elementor-widget elementor-widget-text-editor\" data-id=\"8d90651\" data-element_type=\"widget\" data-e-type=\"widget\" data-widget_type=\"text-editor.default\">\n\t\t\t\t<div class=\"elementor-widget-container\">\n\t\t\t\t\t\t\t\t\t<p>Mam nadziej\u0119, \u017ce m\u00f3j blog przypad\u0142 Ci do gustu i okaza\u0142 si\u0119 pomocny!<\/p>\n<p>Je\u015bli nie mo\u017cesz znale\u017a\u0107 informacji potrzebnych do zaplanowania podr\u00f3\u017cy, jeste\u015b zainteresowana\/y wsp\u00f3\u0142prac\u0105, masz pomys\u0142 na ulepszenie bloga lub po prostu chcesz si\u0119 przywita\u0107 \u2014 napisz do mnie przez formularz kontaktowy poni\u017cej lub na adres <span style=\"color: #2a8e98;\"><strong>hello@betifulworld.com<\/strong>.\u00a0<\/span><\/p>\n<p>Pozdrawiam z Tokio i dzi\u0119kuje, Beti.<\/p>\n\t\t\t\t\t\t\t\t<\/div>\n\t\t\t\t<\/div>\n\t\t\t\t\t<\/div>\n\t\t<\/div>\n\t\t\t\t\t<\/div>\n\t\t<\/section>\n\t\t\t\t<section class=\"elementor-section elementor-top-section elementor-element elementor-element-865ca33 elementor-section-boxed elementor-section-height-default elementor-section-height-default\" data-id=\"865ca33\" data-element_type=\"section\" data-e-type=\"section\">\n\t\t\t\t\t\t<div class=\"elementor-container elementor-column-gap-default\">\n\t\t\t\t\t<div class=\"elementor-column elementor-col-100 elementor-top-column elementor-element elementor-element-1ce18a0\" data-id=\"1ce18a0\" data-element_type=\"column\" data-e-type=\"column\">\n\t\t\t<div class=\"elementor-widget-wrap elementor-element-populated\">\n\t\t\t\t\t\t<div class=\"elementor-element elementor-element-b116a4d elementor-widget elementor-widget-heading\" data-id=\"b116a4d\" data-element_type=\"widget\" data-e-type=\"widget\" data-widget_type=\"heading.default\">\n\t\t\t\t<div class=\"elementor-widget-container\">\n\t\t\t\t\t<h1 class=\"elementor-heading-title elementor-size-default\"><b>Formularz kontaktowy<\/b><\/h1>\t\t\t\t<\/div>\n\t\t\t\t<\/div>\n\t\t\t\t\t<\/div>\n\t\t<\/div>\n\t\t\t\t\t<\/div>\n\t\t<\/section>\n\t\t\t\t<section class=\"elementor-section elementor-top-section elementor-element elementor-element-1a0beed elementor-section-boxed elementor-section-height-default elementor-section-height-default\" data-id=\"1a0beed\" data-element_type=\"section\" data-e-type=\"section\">\n\t\t\t\t\t\t<div class=\"elementor-container elementor-column-gap-default\">\n\t\t\t\t\t<div class=\"elementor-column elementor-col-100 elementor-top-column elementor-element elementor-element-637456f\" data-id=\"637456f\" data-element_type=\"column\" data-e-type=\"column\">\n\t\t\t<div class=\"elementor-widget-wrap elementor-element-populated\">\n\t\t\t\t\t\t<div class=\"elementor-element elementor-element-b8b98f8 elementor-widget elementor-widget-text-editor\" data-id=\"b8b98f8\" data-element_type=\"widget\" data-e-type=\"widget\" data-widget_type=\"text-editor.default\">\n\t\t\t\t<div class=\"elementor-widget-container\">\n\t\t\t\t\t\t\t\t\t<table class=\"wp-list-table widefat fixed striped table-view-list forms\">\n<tbody id=\"the-list\" data-wp-lists=\"list:form\">\n<tr>\n<td class=\"shortcode column-shortcode\" data-colname=\"Shortcode\"><div class=\"wpforms-container \" id=\"wpforms-745\"><form id=\"wpforms-form-745\" class=\"wpforms-validate wpforms-form\" data-formid=\"745\" method=\"post\" enctype=\"multipart\/form-data\" action=\"\/pl\/wp-json\/wp\/v2\/pages\/4564\" data-token=\"f4cd4c615351d9bae8a3010ce17e93d0\" data-token-time=\"1777454614\"><noscript class=\"wpforms-error-noscript\">Aby wype\u0142ni\u0107 ten formularz, w\u0142\u0105cz obs\u0142ug\u0119 JavaScript w przegl\u0105darce.<\/noscript><div class=\"wpforms-field-container\"><div id=\"wpforms-745-field_5-container\" class=\"wpforms-field wpforms-field-name\" data-field-id=\"5\"><label class=\"wpforms-field-label\" for=\"wpforms-745-field_5\">Name <span class=\"wpforms-required-label\">*<\/span><\/label><input type=\"text\" id=\"wpforms-745-field_5\" class=\"wpforms-field-medium wpforms-field-required\" name=\"wpforms[fields][5]\" required><\/div><div id=\"wpforms-745-field_6-container\" class=\"wpforms-field wpforms-field-email\" data-field-id=\"6\"><label class=\"wpforms-field-label\" for=\"wpforms-745-field_6\">Email <span class=\"wpforms-required-label\">*<\/span><\/label><input type=\"email\" id=\"wpforms-745-field_6\" class=\"wpforms-field-medium wpforms-field-required\" name=\"wpforms[fields][6]\" spellcheck=\"false\" required><\/div><div id=\"wpforms-745-field_3-container\" class=\"wpforms-field wpforms-field-text\" data-field-id=\"3\"><label class=\"wpforms-field-label\" for=\"wpforms-745-field_3\">Subject <span class=\"wpforms-required-label\">*<\/span><\/label><input type=\"text\" id=\"wpforms-745-field_3\" class=\"wpforms-field-large wpforms-field-required\" name=\"wpforms[fields][3]\" required><\/div><div id=\"wpforms-745-field_2-container\" class=\"wpforms-field wpforms-field-textarea\" data-field-id=\"2\"><label class=\"wpforms-field-label\" for=\"wpforms-745-field_2\">Your Message <span class=\"wpforms-required-label\">*<\/span><\/label><textarea id=\"wpforms-745-field_2\" class=\"wpforms-field-medium wpforms-field-required\" name=\"wpforms[fields][2]\" required><\/textarea><\/div><\/div><!-- .wpforms-field-container --><div class=\"wpforms-field wpforms-field-hp\"><label for=\"wpforms-745-field-hp\" class=\"wpforms-field-label\">Email<\/label><input type=\"text\" name=\"wpforms[hp]\" id=\"wpforms-745-field-hp\" class=\"wpforms-field-medium\"><\/div><div class=\"wpforms-recaptcha-container wpforms-is-recaptcha wpforms-is-recaptcha-type-v2\" ><div class=\"g-recaptcha\" data-sitekey=\"6LecOaEaAAAAAIfjbJADVFTaWpLkSe5tGhRoau5W\"><\/div><input type=\"text\" name=\"g-recaptcha-hidden\" class=\"wpforms-recaptcha-hidden\" style=\"position:absolute!important;clip:rect(0,0,0,0)!important;height:1px!important;width:1px!important;border:0!important;overflow:hidden!important;padding:0!important;margin:0!important;\" data-rule-recaptcha=\"1\"><\/div><div class=\"wpforms-submit-container\" ><input type=\"hidden\" name=\"wpforms[id]\" value=\"745\"><input type=\"hidden\" name=\"page_title\" value=\"\"><input type=\"hidden\" name=\"page_url\" value=\"https:\/\/betifulworld.com\/pl\/wp-json\/wp\/v2\/pages\/4564\"><input type=\"hidden\" name=\"url_referer\" value=\"\"><button type=\"submit\" name=\"wpforms[submit]\" id=\"wpforms-submit-745\" class=\"wpforms-submit\" data-alt-text=\"Sending...\" data-submit-text=\"Submit\" aria-live=\"assertive\" value=\"wpforms-submit\">Submit<\/button><\/div><\/form><\/div>  <!-- .wpforms-container --><\/td>\n<\/tr>\n<\/tbody>\n<\/table>\n\t\t\t\t\t\t\t\t<\/div>\n\t\t\t\t<\/div>\n\t\t\t\t\t<\/div>\n\t\t<\/div>\n\t\t\t\t\t<\/div>\n\t\t<\/section>\n\t\t\t\t<\/div>\n\t\t","protected":false},"excerpt":{"rendered":"<p>Cze\u015b\u0107! Mam nadziej\u0119, \u017ce m\u00f3j blog przypad\u0142 Ci do gustu i okaza\u0142 si\u0119 pomocny! Je\u015bli nie mo\u017cesz znale\u017a\u0107 informacji potrzebnych do zaplanowania podr\u00f3\u017cy, jeste\u015b zainteresowana\/y wsp\u00f3\u0142prac\u0105, masz pomys\u0142 na ulepszenie bloga lub po prostu chcesz si\u0119 przywita\u0107 \u2014 napisz do mnie przez formularz kontaktowy poni\u017cej lub na adres hello@betifulworld.com.\u00a0 Pozdrawiam z Tokio i dzi\u0119kuje, Beti. [&hellip;]<\/p>\n","protected":false},"author":1,"featured_media":0,"parent":0,"menu_order":0,"comment_status":"closed","ping_status":"closed","template":"","meta":{"nf_dc_page":"","_monsterinsights_skip_tracking":false,"_monsterinsights_sitenote_active":false,"_monsterinsights_sitenote_note":"","_monsterinsights_sitenote_category":0,"_uf_show_specific_survey":0,"_uf_disable_surveys":false,"ocean_post_layout":"","ocean_both_sidebars_style":"","ocean_both_sidebars_content_width":0,"ocean_both_sidebars_sidebars_width":0,"ocean_sidebar":"0","ocean_second_sidebar":"0","ocean_disable_margins":"enable","ocean_add_body_class":"","ocean_shortcode_before_top_bar":"","ocean_shortcode_after_top_bar":"","ocean_shortcode_before_header":"","ocean_shortcode_after_header":"","ocean_has_shortcode":"","ocean_shortcode_after_title":"","ocean_shortcode_before_footer_widgets":"","ocean_shortcode_after_footer_widgets":"","ocean_shortcode_before_footer_bottom":"","ocean_shortcode_after_footer_bottom":"","ocean_display_top_bar":"default","ocean_display_header":"default","ocean_header_style":"","ocean_center_header_left_menu":"0","ocean_custom_header_template":"0","ocean_custom_logo":0,"ocean_custom_retina_logo":0,"ocean_custom_logo_max_width":0,"ocean_custom_logo_tablet_max_width":0,"ocean_custom_logo_mobile_max_width":0,"ocean_custom_logo_max_height":0,"ocean_custom_logo_tablet_max_height":0,"ocean_custom_logo_mobile_max_height":0,"ocean_header_custom_menu":"0","ocean_menu_typo_font_family":"0","ocean_menu_typo_font_subset":"","ocean_menu_typo_font_size":0,"ocean_menu_typo_font_size_tablet":0,"ocean_menu_typo_font_size_mobile":0,"ocean_menu_typo_font_size_unit":"px","ocean_menu_typo_font_weight":"","ocean_menu_typo_font_weight_tablet":"","ocean_menu_typo_font_weight_mobile":"","ocean_menu_typo_transform":"","ocean_menu_typo_transform_tablet":"","ocean_menu_typo_transform_mobile":"","ocean_menu_typo_line_height":0,"ocean_menu_typo_line_height_tablet":0,"ocean_menu_typo_line_height_mobile":0,"ocean_menu_typo_line_height_unit":"","ocean_menu_typo_spacing":0,"ocean_menu_typo_spacing_tablet":0,"ocean_menu_typo_spacing_mobile":0,"ocean_menu_typo_spacing_unit":"","ocean_menu_link_color":"","ocean_menu_link_color_hover":"","ocean_menu_link_color_active":"","ocean_menu_link_background":"","ocean_menu_link_hover_background":"","ocean_menu_link_active_background":"","ocean_menu_social_links_bg":"","ocean_menu_social_hover_links_bg":"","ocean_menu_social_links_color":"","ocean_menu_social_hover_links_color":"","ocean_disable_title":"on","ocean_disable_heading":"default","ocean_post_title":"","ocean_post_subheading":"","ocean_post_title_style":"","ocean_post_title_background_color":"","ocean_post_title_background":0,"ocean_post_title_bg_image_position":"","ocean_post_title_bg_image_attachment":"","ocean_post_title_bg_image_repeat":"","ocean_post_title_bg_image_size":"","ocean_post_title_height":0,"ocean_post_title_bg_overlay":0.5,"ocean_post_title_bg_overlay_color":"","ocean_disable_breadcrumbs":"default","ocean_breadcrumbs_color":"","ocean_breadcrumbs_separator_color":"","ocean_breadcrumbs_links_color":"","ocean_breadcrumbs_links_hover_color":"","ocean_display_footer_widgets":"default","ocean_display_footer_bottom":"default","ocean_custom_footer_template":"0","footnotes":""},"class_list":["post-4564","page","type-page","status-publish","hentry","entry"],"yoast_head":"<!-- This site is optimized with the Yoast SEO plugin v27.5 - https:\/\/yoast.com\/product\/yoast-seo-wordpress\/ -->\n<title>Kontakt | Betiful World<\/title>\n<meta name=\"robots\" content=\"index, follow, max-snippet:-1, max-image-preview:large, max-video-preview:-1\" \/>\n<link rel=\"canonical\" href=\"https:\/\/betifulworld.com\/pl\/kontakt\/\" \/>\n<meta property=\"og:locale\" content=\"pl_PL\" \/>\n<meta property=\"og:type\" content=\"article\" \/>\n<meta property=\"og:title\" content=\"Kontakt | Betiful World\" \/>\n<meta property=\"og:description\" content=\"Cze\u015b\u0107! Mam nadziej\u0119, \u017ce m\u00f3j blog przypad\u0142 Ci do gustu i okaza\u0142 si\u0119 pomocny! Je\u015bli nie mo\u017cesz znale\u017a\u0107 informacji potrzebnych do zaplanowania podr\u00f3\u017cy, jeste\u015b zainteresowana\/y wsp\u00f3\u0142prac\u0105, masz pomys\u0142 na ulepszenie bloga lub po prostu chcesz si\u0119 przywita\u0107 \u2014 napisz do mnie przez formularz kontaktowy poni\u017cej lub na adres hello@betifulworld.com.\u00a0 Pozdrawiam z Tokio i dzi\u0119kuje, Beti. [&hellip;]\" \/>\n<meta property=\"og:url\" content=\"https:\/\/betifulworld.com\/pl\/kontakt\/\" \/>\n<meta property=\"og:site_name\" content=\"Betiful World\" \/>\n<meta property=\"article:publisher\" content=\"https:\/\/www.facebook.com\/betifulworld\/\" \/>\n<meta property=\"article:modified_time\" content=\"2025-06-24T11:27:34+00:00\" \/>\n<meta name=\"twitter:card\" content=\"summary_large_image\" \/>\n<meta name=\"twitter:label1\" content=\"Szacowany czas czytania\" \/>\n\t<meta name=\"twitter:data1\" content=\"1 minuta\" \/>\n<script type=\"application\/ld+json\" class=\"yoast-schema-graph\">{\"@context\":\"https:\\\/\\\/schema.org\",\"@graph\":[{\"@type\":\"WebPage\",\"@id\":\"https:\\\/\\\/betifulworld.com\\\/pl\\\/kontakt\\\/\",\"url\":\"https:\\\/\\\/betifulworld.com\\\/pl\\\/kontakt\\\/\",\"name\":\"Kontakt | Betiful World\",\"isPartOf\":{\"@id\":\"https:\\\/\\\/betifulworld.com\\\/pl\\\/#website\"},\"datePublished\":\"2021-03-17T07:08:36+00:00\",\"dateModified\":\"2025-06-24T11:27:34+00:00\",\"breadcrumb\":{\"@id\":\"https:\\\/\\\/betifulworld.com\\\/pl\\\/kontakt\\\/#breadcrumb\"},\"inLanguage\":\"pl-PL\",\"potentialAction\":[{\"@type\":\"ReadAction\",\"target\":[\"https:\\\/\\\/betifulworld.com\\\/pl\\\/kontakt\\\/\"]}]},{\"@type\":\"BreadcrumbList\",\"@id\":\"https:\\\/\\\/betifulworld.com\\\/pl\\\/kontakt\\\/#breadcrumb\",\"itemListElement\":[{\"@type\":\"ListItem\",\"position\":1,\"name\":\"Japan Nepal travel blog\",\"item\":\"https:\\\/\\\/betifulworld.com\\\/pl\\\/\"},{\"@type\":\"ListItem\",\"position\":2,\"name\":\"Kontakt\"}]},{\"@type\":\"WebSite\",\"@id\":\"https:\\\/\\\/betifulworld.com\\\/pl\\\/#website\",\"url\":\"https:\\\/\\\/betifulworld.com\\\/pl\\\/\",\"name\":\"Betiful World\",\"description\":\"Outdoor Travel Blog - Nepal &amp; Japan\",\"publisher\":{\"@id\":\"https:\\\/\\\/betifulworld.com\\\/pl\\\/#\\\/schema\\\/person\\\/4972b1094818bc6c9444706178bf9529\"},\"potentialAction\":[{\"@type\":\"SearchAction\",\"target\":{\"@type\":\"EntryPoint\",\"urlTemplate\":\"https:\\\/\\\/betifulworld.com\\\/pl\\\/?s={search_term_string}\"},\"query-input\":{\"@type\":\"PropertyValueSpecification\",\"valueRequired\":true,\"valueName\":\"search_term_string\"}}],\"inLanguage\":\"pl-PL\"},{\"@type\":[\"Person\",\"Organization\"],\"@id\":\"https:\\\/\\\/betifulworld.com\\\/pl\\\/#\\\/schema\\\/person\\\/4972b1094818bc6c9444706178bf9529\",\"name\":\"Beti\",\"image\":{\"@type\":\"ImageObject\",\"inLanguage\":\"pl-PL\",\"@id\":\"https:\\\/\\\/betifulworld.com\\\/wp-content\\\/uploads\\\/2021\\\/04\\\/bw-02-2-e1624446357852.png\",\"url\":\"https:\\\/\\\/betifulworld.com\\\/wp-content\\\/uploads\\\/2021\\\/04\\\/bw-02-2-e1624446357852.png\",\"contentUrl\":\"https:\\\/\\\/betifulworld.com\\\/wp-content\\\/uploads\\\/2021\\\/04\\\/bw-02-2-e1624446357852.png\",\"width\":300,\"height\":300,\"caption\":\"Beti\"},\"logo\":{\"@id\":\"https:\\\/\\\/betifulworld.com\\\/wp-content\\\/uploads\\\/2021\\\/04\\\/bw-02-2-e1624446357852.png\"},\"sameAs\":[\"https:\\\/\\\/betifulworld.com\\\/\",\"https:\\\/\\\/www.facebook.com\\\/betifulworld\\\/\",\"https:\\\/\\\/www.instagram.com\\\/betiful_world\\\/\"]}]}<\/script>\n<!-- \/ Yoast SEO plugin. -->","yoast_head_json":{"title":"Kontakt | Betiful World","robots":{"index":"index","follow":"follow","max-snippet":"max-snippet:-1","max-image-preview":"max-image-preview:large","max-video-preview":"max-video-preview:-1"},"canonical":"https:\/\/betifulworld.com\/pl\/kontakt\/","og_locale":"pl_PL","og_type":"article","og_title":"Kontakt | Betiful World","og_description":"Cze\u015b\u0107! Mam nadziej\u0119, \u017ce m\u00f3j blog przypad\u0142 Ci do gustu i okaza\u0142 si\u0119 pomocny! Je\u015bli nie mo\u017cesz znale\u017a\u0107 informacji potrzebnych do zaplanowania podr\u00f3\u017cy, jeste\u015b zainteresowana\/y wsp\u00f3\u0142prac\u0105, masz pomys\u0142 na ulepszenie bloga lub po prostu chcesz si\u0119 przywita\u0107 \u2014 napisz do mnie przez formularz kontaktowy poni\u017cej lub na adres hello@betifulworld.com.\u00a0 Pozdrawiam z Tokio i dzi\u0119kuje, Beti. [&hellip;]","og_url":"https:\/\/betifulworld.com\/pl\/kontakt\/","og_site_name":"Betiful World","article_publisher":"https:\/\/www.facebook.com\/betifulworld\/","article_modified_time":"2025-06-24T11:27:34+00:00","twitter_card":"summary_large_image","twitter_misc":{"Szacowany czas czytania":"1 minuta"},"schema":{"@context":"https:\/\/schema.org","@graph":[{"@type":"WebPage","@id":"https:\/\/betifulworld.com\/pl\/kontakt\/","url":"https:\/\/betifulworld.com\/pl\/kontakt\/","name":"Kontakt | Betiful World","isPartOf":{"@id":"https:\/\/betifulworld.com\/pl\/#website"},"datePublished":"2021-03-17T07:08:36+00:00","dateModified":"2025-06-24T11:27:34+00:00","breadcrumb":{"@id":"https:\/\/betifulworld.com\/pl\/kontakt\/#breadcrumb"},"inLanguage":"pl-PL","potentialAction":[{"@type":"ReadAction","target":["https:\/\/betifulworld.com\/pl\/kontakt\/"]}]},{"@type":"BreadcrumbList","@id":"https:\/\/betifulworld.com\/pl\/kontakt\/#breadcrumb","itemListElement":[{"@type":"ListItem","position":1,"name":"Japan Nepal travel blog","item":"https:\/\/betifulworld.com\/pl\/"},{"@type":"ListItem","position":2,"name":"Kontakt"}]},{"@type":"WebSite","@id":"https:\/\/betifulworld.com\/pl\/#website","url":"https:\/\/betifulworld.com\/pl\/","name":"Betiful World","description":"Outdoor Travel Blog - Nepal &amp; Japan","publisher":{"@id":"https:\/\/betifulworld.com\/pl\/#\/schema\/person\/4972b1094818bc6c9444706178bf9529"},"potentialAction":[{"@type":"SearchAction","target":{"@type":"EntryPoint","urlTemplate":"https:\/\/betifulworld.com\/pl\/?s={search_term_string}"},"query-input":{"@type":"PropertyValueSpecification","valueRequired":true,"valueName":"search_term_string"}}],"inLanguage":"pl-PL"},{"@type":["Person","Organization"],"@id":"https:\/\/betifulworld.com\/pl\/#\/schema\/person\/4972b1094818bc6c9444706178bf9529","name":"Beti","image":{"@type":"ImageObject","inLanguage":"pl-PL","@id":"https:\/\/betifulworld.com\/wp-content\/uploads\/2021\/04\/bw-02-2-e1624446357852.png","url":"https:\/\/betifulworld.com\/wp-content\/uploads\/2021\/04\/bw-02-2-e1624446357852.png","contentUrl":"https:\/\/betifulworld.com\/wp-content\/uploads\/2021\/04\/bw-02-2-e1624446357852.png","width":300,"height":300,"caption":"Beti"},"logo":{"@id":"https:\/\/betifulworld.com\/wp-content\/uploads\/2021\/04\/bw-02-2-e1624446357852.png"},"sameAs":["https:\/\/betifulworld.com\/","https:\/\/www.facebook.com\/betifulworld\/","https:\/\/www.instagram.com\/betiful_world\/"]}]}},"_links":{"self":[{"href":"https:\/\/betifulworld.com\/pl\/wp-json\/wp\/v2\/pages\/4564","targetHints":{"allow":["GET"]}}],"collection":[{"href":"https:\/\/betifulworld.com\/pl\/wp-json\/wp\/v2\/pages"}],"about":[{"href":"https:\/\/betifulworld.com\/pl\/wp-json\/wp\/v2\/types\/page"}],"author":[{"embeddable":true,"href":"https:\/\/betifulworld.com\/pl\/wp-json\/wp\/v2\/users\/1"}],"replies":[{"embeddable":true,"href":"https:\/\/betifulworld.com\/pl\/wp-json\/wp\/v2\/comments?post=4564"}],"version-history":[{"count":5,"href":"https:\/\/betifulworld.com\/pl\/wp-json\/wp\/v2\/pages\/4564\/revisions"}],"predecessor-version":[{"id":21863,"href":"https:\/\/betifulworld.com\/pl\/wp-json\/wp\/v2\/pages\/4564\/revisions\/21863"}],"wp:attachment":[{"href":"https:\/\/betifulworld.com\/pl\/wp-json\/wp\/v2\/media?parent=4564"}],"curies":[{"name":"wp","href":"https:\/\/api.w.org\/{rel}","templated":true}]}}