{"id":4556,"date":"2021-03-17T07:05:54","date_gmt":"2021-03-17T07:05:54","guid":{"rendered":"https:\/\/betifulworld.com\/kraje\/"},"modified":"2025-06-25T09:14:52","modified_gmt":"2025-06-25T00:14:52","slug":"kraje","status":"publish","type":"page","link":"https:\/\/betifulworld.com\/pl\/kraje\/","title":{"rendered":"Kraje"},"content":{"rendered":"\t\t<div data-elementor-type=\"wp-page\" data-elementor-id=\"4556\" class=\"elementor elementor-4556 elementor-888\">\n\t\t\t\t\t\t<section class=\"elementor-section elementor-top-section elementor-element elementor-element-cbc5d4a elementor-section-boxed elementor-section-height-default elementor-section-height-default\" data-id=\"cbc5d4a\" data-element_type=\"section\" data-e-type=\"section\">\n\t\t\t\t\t\t<div class=\"elementor-container elementor-column-gap-default\">\n\t\t\t\t\t<div class=\"elementor-column elementor-col-100 elementor-top-column elementor-element elementor-element-371720f\" data-id=\"371720f\" data-element_type=\"column\" data-e-type=\"column\">\n\t\t\t<div class=\"elementor-widget-wrap elementor-element-populated\">\n\t\t\t\t\t\t<div class=\"elementor-element elementor-element-d56e801 elementor-widget elementor-widget-heading\" data-id=\"d56e801\" data-element_type=\"widget\" data-e-type=\"widget\" data-widget_type=\"heading.default\">\n\t\t\t\t<div class=\"elementor-widget-container\">\n\t\t\t\t\t<h1 class=\"elementor-heading-title elementor-size-default\"><b>Najbardziej lubi\u0119 jecha\u0107 tam, gdzie jeszcze nigdy nie by\u0142am.<\/b><\/h1>\t\t\t\t<\/div>\n\t\t\t\t<\/div>\n\t\t\t\t\t<\/div>\n\t\t<\/div>\n\t\t\t\t\t<\/div>\n\t\t<\/section>\n\t\t\t\t<section class=\"elementor-section elementor-top-section elementor-element elementor-element-413b4dd elementor-section-boxed elementor-section-height-default elementor-section-height-default\" data-id=\"413b4dd\" data-element_type=\"section\" data-e-type=\"section\">\n\t\t\t\t\t\t<div class=\"elementor-container elementor-column-gap-default\">\n\t\t\t\t\t<div class=\"elementor-column elementor-col-100 elementor-top-column elementor-element elementor-element-8aa2be2\" data-id=\"8aa2be2\" data-element_type=\"column\" data-e-type=\"column\">\n\t\t\t<div class=\"elementor-widget-wrap elementor-element-populated\">\n\t\t\t\t\t\t<div class=\"elementor-element elementor-element-563d573 elementor-widget elementor-widget-text-editor\" data-id=\"563d573\" data-element_type=\"widget\" data-e-type=\"widget\" data-widget_type=\"text-editor.default\">\n\t\t\t\t<div class=\"elementor-widget-container\">\n\t\t\t\t\t\t\t\t\t<p>Diane Arbus<\/p>\n\t\t\t\t\t\t\t\t<\/div>\n\t\t\t\t<\/div>\n\t\t\t\t\t<\/div>\n\t\t<\/div>\n\t\t\t\t\t<\/div>\n\t\t<\/section>\n\t\t\t\t<section class=\"elementor-section elementor-top-section elementor-element elementor-element-646c518 elementor-section-boxed elementor-section-height-default elementor-section-height-default\" data-id=\"646c518\" data-element_type=\"section\" data-e-type=\"section\">\n\t\t\t\t\t\t<div class=\"elementor-container elementor-column-gap-default\">\n\t\t\t\t\t<div class=\"elementor-column elementor-col-100 elementor-top-column elementor-element elementor-element-a2981f2\" data-id=\"a2981f2\" data-element_type=\"column\" data-e-type=\"column\">\n\t\t\t<div class=\"elementor-widget-wrap elementor-element-populated\">\n\t\t\t\t\t\t<div class=\"elementor-element elementor-element-0f2f859 elementor-widget-divider--view-line_icon elementor-view-default elementor-widget-divider--element-align-center elementor-widget elementor-widget-divider\" data-id=\"0f2f859\" data-element_type=\"widget\" data-e-type=\"widget\" data-widget_type=\"divider.default\">\n\t\t\t\t<div class=\"elementor-widget-container\">\n\t\t\t\t\t\t\t<div class=\"elementor-divider\">\n\t\t\t<span class=\"elementor-divider-separator\">\n\t\t\t\t\t\t\t<div class=\"elementor-icon elementor-divider__element\">\n\t\t\t\t\t<i aria-hidden=\"true\" class=\"fas fa-mountain\"><\/i><\/div>\n\t\t\t\t\t\t<\/span>\n\t\t<\/div>\n\t\t\t\t\t\t<\/div>\n\t\t\t\t<\/div>\n\t\t\t\t\t<\/div>\n\t\t<\/div>\n\t\t\t\t\t<\/div>\n\t\t<\/section>\n\t\t\t\t<section class=\"elementor-section elementor-top-section elementor-element elementor-element-7e5da53 elementor-section-boxed elementor-section-height-default elementor-section-height-default\" data-id=\"7e5da53\" data-element_type=\"section\" data-e-type=\"section\">\n\t\t\t\t\t\t<div class=\"elementor-container elementor-column-gap-default\">\n\t\t\t\t\t<div class=\"elementor-column elementor-col-33 elementor-top-column elementor-element elementor-element-37dd4db\" data-id=\"37dd4db\" data-element_type=\"column\" data-e-type=\"column\">\n\t\t\t<div class=\"elementor-widget-wrap elementor-element-populated\">\n\t\t\t\t\t\t<div class=\"elementor-element elementor-element-f69be80 elementor-position-top elementor-widget elementor-widget-image-box\" data-id=\"f69be80\" data-element_type=\"widget\" data-e-type=\"widget\" data-widget_type=\"image-box.default\">\n\t\t\t\t<div class=\"elementor-widget-container\">\n\t\t\t\t\t<div class=\"elementor-image-box-wrapper\"><figure class=\"elementor-image-box-img\"><a href=\"https:\/\/betifulworld.com\/pl\/kraje\/japonia\/\" tabindex=\"-1\"><img fetchpriority=\"high\" decoding=\"async\" width=\"601\" height=\"450\" src=\"https:\/\/betifulworld.com\/wp-content\/uploads\/2022\/06\/Japan-Outdoor-Travel-blog-.jpg\" class=\"elementor-animation-rotate attachment-full size-full wp-image-13129\" alt=\"Podr\u00f3\u017ce po Japonii - Blog podr\u00f3\u017cniczy o Nepalu i Japonii\" srcset=\"https:\/\/betifulworld.com\/wp-content\/uploads\/2022\/06\/Japan-Outdoor-Travel-blog-.jpg 601w, https:\/\/betifulworld.com\/wp-content\/uploads\/2022\/06\/Japan-Outdoor-Travel-blog--300x225.jpg 300w\" sizes=\"(max-width: 601px) 100vw, 601px\" \/><\/a><\/figure><div class=\"elementor-image-box-content\"><h1 class=\"elementor-image-box-title\"><a href=\"https:\/\/betifulworld.com\/pl\/kraje\/japonia\/\"><b>Japonia<\/b><\/a><\/h1><\/div><\/div>\t\t\t\t<\/div>\n\t\t\t\t<\/div>\n\t\t\t\t\t<\/div>\n\t\t<\/div>\n\t\t\t\t<div class=\"elementor-column elementor-col-33 elementor-top-column elementor-element elementor-element-0e59713\" data-id=\"0e59713\" data-element_type=\"column\" data-e-type=\"column\">\n\t\t\t<div class=\"elementor-widget-wrap elementor-element-populated\">\n\t\t\t\t\t\t<div class=\"elementor-element elementor-element-9933d38 elementor-position-top elementor-widget elementor-widget-image-box\" data-id=\"9933d38\" data-element_type=\"widget\" data-e-type=\"widget\" data-widget_type=\"image-box.default\">\n\t\t\t\t<div class=\"elementor-widget-container\">\n\t\t\t\t\t<div class=\"elementor-image-box-wrapper\"><figure class=\"elementor-image-box-img\"><a href=\"https:\/\/betifulworld.com\/pl\/kraje\/nepal\/\" tabindex=\"-1\"><img decoding=\"async\" width=\"600\" height=\"449\" src=\"https:\/\/betifulworld.com\/wp-content\/uploads\/2022\/06\/Nepal-Travel-blog-trekking-in-Nepal.jpg\" class=\"elementor-animation-rotate attachment-full size-full wp-image-13091\" alt=\"Trekking w Nepalu  - Blog podr\u00f3\u017cniczy o Nepalu i Japonii\" srcset=\"https:\/\/betifulworld.com\/wp-content\/uploads\/2022\/06\/Nepal-Travel-blog-trekking-in-Nepal.jpg 600w, https:\/\/betifulworld.com\/wp-content\/uploads\/2022\/06\/Nepal-Travel-blog-trekking-in-Nepal-300x225.jpg 300w\" sizes=\"(max-width: 600px) 100vw, 600px\" \/><\/a><\/figure><div class=\"elementor-image-box-content\"><h1 class=\"elementor-image-box-title\"><a href=\"https:\/\/betifulworld.com\/pl\/kraje\/nepal\/\"><b>Nepal<\/b><\/a><\/h1><\/div><\/div>\t\t\t\t<\/div>\n\t\t\t\t<\/div>\n\t\t\t\t\t<\/div>\n\t\t<\/div>\n\t\t\t\t<div class=\"elementor-column elementor-col-33 elementor-top-column elementor-element elementor-element-c5a549e\" data-id=\"c5a549e\" data-element_type=\"column\" data-e-type=\"column\">\n\t\t\t<div class=\"elementor-widget-wrap elementor-element-populated\">\n\t\t\t\t\t\t<div class=\"elementor-element elementor-element-dc9a079 elementor-position-top elementor-widget elementor-widget-image-box\" data-id=\"dc9a079\" data-element_type=\"widget\" data-e-type=\"widget\" data-widget_type=\"image-box.default\">\n\t\t\t\t<div class=\"elementor-widget-container\">\n\t\t\t\t\t<div class=\"elementor-image-box-wrapper\"><figure class=\"elementor-image-box-img\"><a href=\"https:\/\/betifulworld.com\/countries\/other-asia\/\" tabindex=\"-1\"><img decoding=\"async\" width=\"600\" height=\"450\" src=\"https:\/\/betifulworld.com\/wp-content\/uploads\/2024\/09\/Great-Wall-of-China-2-Day-Independent-Hike-on-a-Budget.png\" class=\"elementor-animation-rotate attachment-full size-full wp-image-20766\" alt=\"Great Wall of China 2 Day Independent Hike on a Budget\" srcset=\"https:\/\/betifulworld.com\/wp-content\/uploads\/2024\/09\/Great-Wall-of-China-2-Day-Independent-Hike-on-a-Budget.png 600w, https:\/\/betifulworld.com\/wp-content\/uploads\/2024\/09\/Great-Wall-of-China-2-Day-Independent-Hike-on-a-Budget-300x225.png 300w\" sizes=\"(max-width: 600px) 100vw, 600px\" \/><\/a><\/figure><div class=\"elementor-image-box-content\"><h1 class=\"elementor-image-box-title\"><a href=\"https:\/\/betifulworld.com\/countries\/other-asia\/\"><b>Chiny<\/b><\/a><\/h1><\/div><\/div>\t\t\t\t<\/div>\n\t\t\t\t<\/div>\n\t\t\t\t\t<\/div>\n\t\t<\/div>\n\t\t\t\t\t<\/div>\n\t\t<\/section>\n\t\t\t\t<\/div>\n\t\t","protected":false},"excerpt":{"rendered":"<p>Najbardziej lubi\u0119 jecha\u0107 tam, gdzie jeszcze nigdy nie by\u0142am. Diane Arbus Japonia Nepal Chiny<\/p>\n","protected":false},"author":1,"featured_media":0,"parent":0,"menu_order":0,"comment_status":"closed","ping_status":"closed","template":"","meta":{"nf_dc_page":"","_monsterinsights_skip_tracking":false,"_monsterinsights_sitenote_active":false,"_monsterinsights_sitenote_note":"","_monsterinsights_sitenote_category":0,"_uf_show_specific_survey":0,"_uf_disable_surveys":false,"ocean_post_layout":"","ocean_both_sidebars_style":"","ocean_both_sidebars_content_width":0,"ocean_both_sidebars_sidebars_width":0,"ocean_sidebar":"0","ocean_second_sidebar":"0","ocean_disable_margins":"enable","ocean_add_body_class":"","ocean_shortcode_before_top_bar":"","ocean_shortcode_after_top_bar":"","ocean_shortcode_before_header":"","ocean_shortcode_after_header":"","ocean_has_shortcode":"","ocean_shortcode_after_title":"","ocean_shortcode_before_footer_widgets":"","ocean_shortcode_after_footer_widgets":"","ocean_shortcode_before_footer_bottom":"","ocean_shortcode_after_footer_bottom":"","ocean_display_top_bar":"default","ocean_display_header":"default","ocean_header_style":"","ocean_center_header_left_menu":"0","ocean_custom_header_template":"0","ocean_custom_logo":0,"ocean_custom_retina_logo":0,"ocean_custom_logo_max_width":0,"ocean_custom_logo_tablet_max_width":0,"ocean_custom_logo_mobile_max_width":0,"ocean_custom_logo_max_height":0,"ocean_custom_logo_tablet_max_height":0,"ocean_custom_logo_mobile_max_height":0,"ocean_header_custom_menu":"0","ocean_menu_typo_font_family":"0","ocean_menu_typo_font_subset":"","ocean_menu_typo_font_size":0,"ocean_menu_typo_font_size_tablet":0,"ocean_menu_typo_font_size_mobile":0,"ocean_menu_typo_font_size_unit":"px","ocean_menu_typo_font_weight":"","ocean_menu_typo_font_weight_tablet":"","ocean_menu_typo_font_weight_mobile":"","ocean_menu_typo_transform":"","ocean_menu_typo_transform_tablet":"","ocean_menu_typo_transform_mobile":"","ocean_menu_typo_line_height":0,"ocean_menu_typo_line_height_tablet":0,"ocean_menu_typo_line_height_mobile":0,"ocean_menu_typo_line_height_unit":"","ocean_menu_typo_spacing":0,"ocean_menu_typo_spacing_tablet":0,"ocean_menu_typo_spacing_mobile":0,"ocean_menu_typo_spacing_unit":"","ocean_menu_link_color":"","ocean_menu_link_color_hover":"","ocean_menu_link_color_active":"","ocean_menu_link_background":"","ocean_menu_link_hover_background":"","ocean_menu_link_active_background":"","ocean_menu_social_links_bg":"","ocean_menu_social_hover_links_bg":"","ocean_menu_social_links_color":"","ocean_menu_social_hover_links_color":"","ocean_disable_title":"on","ocean_disable_heading":"default","ocean_post_title":"","ocean_post_subheading":"","ocean_post_title_style":"","ocean_post_title_background_color":"","ocean_post_title_background":0,"ocean_post_title_bg_image_position":"","ocean_post_title_bg_image_attachment":"","ocean_post_title_bg_image_repeat":"","ocean_post_title_bg_image_size":"","ocean_post_title_height":0,"ocean_post_title_bg_overlay":0.5,"ocean_post_title_bg_overlay_color":"","ocean_disable_breadcrumbs":"default","ocean_breadcrumbs_color":"","ocean_breadcrumbs_separator_color":"","ocean_breadcrumbs_links_color":"","ocean_breadcrumbs_links_hover_color":"","ocean_display_footer_widgets":"default","ocean_display_footer_bottom":"default","ocean_custom_footer_template":"0","footnotes":""},"class_list":["post-4556","page","type-page","status-publish","hentry","entry"],"yoast_head":"<!-- This site is optimized with the Yoast SEO plugin v27.4 - https:\/\/yoast.com\/product\/yoast-seo-wordpress\/ -->\n<title>Kraje | Betiful World<\/title>\n<meta name=\"robots\" content=\"index, follow, max-snippet:-1, max-image-preview:large, max-video-preview:-1\" \/>\n<link rel=\"canonical\" href=\"https:\/\/betifulworld.com\/pl\/kraje\/\" \/>\n<meta property=\"og:locale\" content=\"pl_PL\" \/>\n<meta property=\"og:type\" content=\"article\" \/>\n<meta property=\"og:title\" content=\"Kraje | Betiful World\" \/>\n<meta property=\"og:description\" content=\"Najbardziej lubi\u0119 jecha\u0107 tam, gdzie jeszcze nigdy nie by\u0142am. Diane Arbus Japonia Nepal Chiny\" \/>\n<meta property=\"og:url\" content=\"https:\/\/betifulworld.com\/pl\/kraje\/\" \/>\n<meta property=\"og:site_name\" content=\"Betiful World\" \/>\n<meta property=\"article:publisher\" content=\"https:\/\/www.facebook.com\/betifulworld\/\" \/>\n<meta property=\"article:modified_time\" content=\"2025-06-25T00:14:52+00:00\" \/>\n<meta property=\"og:image\" content=\"https:\/\/betifulworld.com\/wp-content\/uploads\/2022\/06\/Japan-Outdoor-Travel-blog-.jpg\" \/>\n\t<meta property=\"og:image:width\" content=\"601\" \/>\n\t<meta property=\"og:image:height\" content=\"450\" \/>\n\t<meta property=\"og:image:type\" content=\"image\/jpeg\" \/>\n<meta name=\"twitter:card\" content=\"summary_large_image\" \/>\n<meta name=\"twitter:label1\" content=\"Szacowany czas czytania\" \/>\n\t<meta name=\"twitter:data1\" content=\"1 minuta\" \/>\n<script type=\"application\/ld+json\" class=\"yoast-schema-graph\">{\"@context\":\"https:\\\/\\\/schema.org\",\"@graph\":[{\"@type\":\"WebPage\",\"@id\":\"https:\\\/\\\/betifulworld.com\\\/pl\\\/kraje\\\/\",\"url\":\"https:\\\/\\\/betifulworld.com\\\/pl\\\/kraje\\\/\",\"name\":\"Kraje | Betiful World\",\"isPartOf\":{\"@id\":\"https:\\\/\\\/betifulworld.com\\\/pl\\\/#website\"},\"primaryImageOfPage\":{\"@id\":\"https:\\\/\\\/betifulworld.com\\\/pl\\\/kraje\\\/#primaryimage\"},\"image\":{\"@id\":\"https:\\\/\\\/betifulworld.com\\\/pl\\\/kraje\\\/#primaryimage\"},\"thumbnailUrl\":\"http:\\\/\\\/betifulworld.com\\\/wp-content\\\/uploads\\\/2022\\\/06\\\/Japan-Outdoor-Travel-blog-.jpg\",\"datePublished\":\"2021-03-17T07:05:54+00:00\",\"dateModified\":\"2025-06-25T00:14:52+00:00\",\"breadcrumb\":{\"@id\":\"https:\\\/\\\/betifulworld.com\\\/pl\\\/kraje\\\/#breadcrumb\"},\"inLanguage\":\"pl-PL\",\"potentialAction\":[{\"@type\":\"ReadAction\",\"target\":[\"https:\\\/\\\/betifulworld.com\\\/pl\\\/kraje\\\/\"]}]},{\"@type\":\"ImageObject\",\"inLanguage\":\"pl-PL\",\"@id\":\"https:\\\/\\\/betifulworld.com\\\/pl\\\/kraje\\\/#primaryimage\",\"url\":\"http:\\\/\\\/betifulworld.com\\\/wp-content\\\/uploads\\\/2022\\\/06\\\/Japan-Outdoor-Travel-blog-.jpg\",\"contentUrl\":\"http:\\\/\\\/betifulworld.com\\\/wp-content\\\/uploads\\\/2022\\\/06\\\/Japan-Outdoor-Travel-blog-.jpg\"},{\"@type\":\"BreadcrumbList\",\"@id\":\"https:\\\/\\\/betifulworld.com\\\/pl\\\/kraje\\\/#breadcrumb\",\"itemListElement\":[{\"@type\":\"ListItem\",\"position\":1,\"name\":\"Japan Nepal travel blog\",\"item\":\"https:\\\/\\\/betifulworld.com\\\/pl\\\/\"},{\"@type\":\"ListItem\",\"position\":2,\"name\":\"Kraje\"}]},{\"@type\":\"WebSite\",\"@id\":\"https:\\\/\\\/betifulworld.com\\\/pl\\\/#website\",\"url\":\"https:\\\/\\\/betifulworld.com\\\/pl\\\/\",\"name\":\"Betiful World\",\"description\":\"Outdoor Travel Blog - Nepal &amp; Japan\",\"publisher\":{\"@id\":\"https:\\\/\\\/betifulworld.com\\\/pl\\\/#\\\/schema\\\/person\\\/4972b1094818bc6c9444706178bf9529\"},\"potentialAction\":[{\"@type\":\"SearchAction\",\"target\":{\"@type\":\"EntryPoint\",\"urlTemplate\":\"https:\\\/\\\/betifulworld.com\\\/pl\\\/?s={search_term_string}\"},\"query-input\":{\"@type\":\"PropertyValueSpecification\",\"valueRequired\":true,\"valueName\":\"search_term_string\"}}],\"inLanguage\":\"pl-PL\"},{\"@type\":[\"Person\",\"Organization\"],\"@id\":\"https:\\\/\\\/betifulworld.com\\\/pl\\\/#\\\/schema\\\/person\\\/4972b1094818bc6c9444706178bf9529\",\"name\":\"Beti\",\"image\":{\"@type\":\"ImageObject\",\"inLanguage\":\"pl-PL\",\"@id\":\"https:\\\/\\\/betifulworld.com\\\/wp-content\\\/uploads\\\/2021\\\/04\\\/bw-02-2-e1624446357852.png\",\"url\":\"https:\\\/\\\/betifulworld.com\\\/wp-content\\\/uploads\\\/2021\\\/04\\\/bw-02-2-e1624446357852.png\",\"contentUrl\":\"https:\\\/\\\/betifulworld.com\\\/wp-content\\\/uploads\\\/2021\\\/04\\\/bw-02-2-e1624446357852.png\",\"width\":300,\"height\":300,\"caption\":\"Beti\"},\"logo\":{\"@id\":\"https:\\\/\\\/betifulworld.com\\\/wp-content\\\/uploads\\\/2021\\\/04\\\/bw-02-2-e1624446357852.png\"},\"sameAs\":[\"https:\\\/\\\/betifulworld.com\\\/\",\"https:\\\/\\\/www.facebook.com\\\/betifulworld\\\/\",\"https:\\\/\\\/www.instagram.com\\\/betiful_world\\\/\"]}]}<\/script>\n<!-- \/ Yoast SEO plugin. -->","yoast_head_json":{"title":"Kraje | Betiful World","robots":{"index":"index","follow":"follow","max-snippet":"max-snippet:-1","max-image-preview":"max-image-preview:large","max-video-preview":"max-video-preview:-1"},"canonical":"https:\/\/betifulworld.com\/pl\/kraje\/","og_locale":"pl_PL","og_type":"article","og_title":"Kraje | Betiful World","og_description":"Najbardziej lubi\u0119 jecha\u0107 tam, gdzie jeszcze nigdy nie by\u0142am. Diane Arbus Japonia Nepal Chiny","og_url":"https:\/\/betifulworld.com\/pl\/kraje\/","og_site_name":"Betiful World","article_publisher":"https:\/\/www.facebook.com\/betifulworld\/","article_modified_time":"2025-06-25T00:14:52+00:00","og_image":[{"width":601,"height":450,"url":"https:\/\/betifulworld.com\/wp-content\/uploads\/2022\/06\/Japan-Outdoor-Travel-blog-.jpg","type":"image\/jpeg"}],"twitter_card":"summary_large_image","twitter_misc":{"Szacowany czas czytania":"1 minuta"},"schema":{"@context":"https:\/\/schema.org","@graph":[{"@type":"WebPage","@id":"https:\/\/betifulworld.com\/pl\/kraje\/","url":"https:\/\/betifulworld.com\/pl\/kraje\/","name":"Kraje | Betiful World","isPartOf":{"@id":"https:\/\/betifulworld.com\/pl\/#website"},"primaryImageOfPage":{"@id":"https:\/\/betifulworld.com\/pl\/kraje\/#primaryimage"},"image":{"@id":"https:\/\/betifulworld.com\/pl\/kraje\/#primaryimage"},"thumbnailUrl":"http:\/\/betifulworld.com\/wp-content\/uploads\/2022\/06\/Japan-Outdoor-Travel-blog-.jpg","datePublished":"2021-03-17T07:05:54+00:00","dateModified":"2025-06-25T00:14:52+00:00","breadcrumb":{"@id":"https:\/\/betifulworld.com\/pl\/kraje\/#breadcrumb"},"inLanguage":"pl-PL","potentialAction":[{"@type":"ReadAction","target":["https:\/\/betifulworld.com\/pl\/kraje\/"]}]},{"@type":"ImageObject","inLanguage":"pl-PL","@id":"https:\/\/betifulworld.com\/pl\/kraje\/#primaryimage","url":"http:\/\/betifulworld.com\/wp-content\/uploads\/2022\/06\/Japan-Outdoor-Travel-blog-.jpg","contentUrl":"http:\/\/betifulworld.com\/wp-content\/uploads\/2022\/06\/Japan-Outdoor-Travel-blog-.jpg"},{"@type":"BreadcrumbList","@id":"https:\/\/betifulworld.com\/pl\/kraje\/#breadcrumb","itemListElement":[{"@type":"ListItem","position":1,"name":"Japan Nepal travel blog","item":"https:\/\/betifulworld.com\/pl\/"},{"@type":"ListItem","position":2,"name":"Kraje"}]},{"@type":"WebSite","@id":"https:\/\/betifulworld.com\/pl\/#website","url":"https:\/\/betifulworld.com\/pl\/","name":"Betiful World","description":"Outdoor Travel Blog - Nepal &amp; Japan","publisher":{"@id":"https:\/\/betifulworld.com\/pl\/#\/schema\/person\/4972b1094818bc6c9444706178bf9529"},"potentialAction":[{"@type":"SearchAction","target":{"@type":"EntryPoint","urlTemplate":"https:\/\/betifulworld.com\/pl\/?s={search_term_string}"},"query-input":{"@type":"PropertyValueSpecification","valueRequired":true,"valueName":"search_term_string"}}],"inLanguage":"pl-PL"},{"@type":["Person","Organization"],"@id":"https:\/\/betifulworld.com\/pl\/#\/schema\/person\/4972b1094818bc6c9444706178bf9529","name":"Beti","image":{"@type":"ImageObject","inLanguage":"pl-PL","@id":"https:\/\/betifulworld.com\/wp-content\/uploads\/2021\/04\/bw-02-2-e1624446357852.png","url":"https:\/\/betifulworld.com\/wp-content\/uploads\/2021\/04\/bw-02-2-e1624446357852.png","contentUrl":"https:\/\/betifulworld.com\/wp-content\/uploads\/2021\/04\/bw-02-2-e1624446357852.png","width":300,"height":300,"caption":"Beti"},"logo":{"@id":"https:\/\/betifulworld.com\/wp-content\/uploads\/2021\/04\/bw-02-2-e1624446357852.png"},"sameAs":["https:\/\/betifulworld.com\/","https:\/\/www.facebook.com\/betifulworld\/","https:\/\/www.instagram.com\/betiful_world\/"]}]}},"_links":{"self":[{"href":"https:\/\/betifulworld.com\/pl\/wp-json\/wp\/v2\/pages\/4556","targetHints":{"allow":["GET"]}}],"collection":[{"href":"https:\/\/betifulworld.com\/pl\/wp-json\/wp\/v2\/pages"}],"about":[{"href":"https:\/\/betifulworld.com\/pl\/wp-json\/wp\/v2\/types\/page"}],"author":[{"embeddable":true,"href":"https:\/\/betifulworld.com\/pl\/wp-json\/wp\/v2\/users\/1"}],"replies":[{"embeddable":true,"href":"https:\/\/betifulworld.com\/pl\/wp-json\/wp\/v2\/comments?post=4556"}],"version-history":[{"count":5,"href":"https:\/\/betifulworld.com\/pl\/wp-json\/wp\/v2\/pages\/4556\/revisions"}],"predecessor-version":[{"id":21908,"href":"https:\/\/betifulworld.com\/pl\/wp-json\/wp\/v2\/pages\/4556\/revisions\/21908"}],"wp:attachment":[{"href":"https:\/\/betifulworld.com\/pl\/wp-json\/wp\/v2\/media?parent=4556"}],"curies":[{"name":"wp","href":"https:\/\/api.w.org\/{rel}","templated":true}]}}